{"id":325,"date":"2015-11-27T13:15:53","date_gmt":"2015-11-27T11:15:53","guid":{"rendered":"http:\/\/www.drmedinekanturk.com\/?page_id=325"},"modified":"2015-11-27T15:19:36","modified_gmt":"2015-11-27T13:19:36","slug":"genital-estetigi","status":"publish","type":"page","link":"https:\/\/www.drmedinekanturk.com\/en\/genital-estetigi\/","title":{"rendered":"GEN\u0130TAL ESTET\u0130\u011e\u0130"},"content":{"rendered":"<p style=\"text-align: left;\">GEN\u0130TAL ESTET\u0130K<br \/>\nKad\u0131n art\u0131k v\u00fccudunu daha iyi tan\u0131yor, toplum tabular\u0131n\u0131 y\u0131karak g\u00fczelli\u011fini bir b\u00fct\u00fcn g\u00f6r\u00fcyor. Yani her a\u00e7\u0131dan bakt\u0131\u011f\u0131nda art\u0131k kad\u0131n kendini g\u00fczel hissetmek istiyor. Genital estetik kad\u0131n\u0131n cinsel b\u00f6lgeyi g\u00fczel bulmamas\u0131 ve buna ba\u011fl\u0131 olarak ya\u015fad\u0131\u011f\u0131 cinsel problemler nedeniyle yap\u0131labilir. \u00c7o\u011fu kad\u0131n cinsel organlar\u0131n\u0131n zaman i\u00e7erisinde \u00e7e\u015fitli sebeplerle deformasyona u\u011framas\u0131ndan, renginden, bi\u00e7iminden ve estetik g\u00f6r\u00fcnt\u00fcs\u00fcnden rahats\u0131zl\u0131k duymakta, cinselli\u011fini doyas\u0131ya ya\u015fayamamaktad\u0131r. Ya\u015fanan cinsel problemler sadece kad\u0131n\u0131 de\u011fil ayn\u0131 zamanda partnerini de olumsuz etkiler.<br \/>\nGenital b\u00f6lgede sark\u0131p geni\u015fleyen dokular\u0131n tamamen \u00e7\u0131kar\u0131lmas\u0131, i\u00e7 dudaklardaki sarkma ve fazla dokular\u0131n al\u0131nmas\u0131 ve vajinan\u0131n gen\u00e7 bir g\u00f6r\u00fcn\u00fcme sahip olmas\u0131 i\u00e7in yap\u0131lan operasyondur. Vajina daralt\u0131larak giri\u015fteki g\u00f6r\u00fcn\u00fcm bozuklu\u011fu bu giri\u015fim ile giderilebiliyor. Epizyotomi (do\u011fum diki\u015flerinin k\u00f6t\u00fc iyile\u015fmesi) sorunu da vajina esteti\u011finin konular\u0131ndan biri. Vajinal g\u00f6r\u00fcn\u00fcm\u00fc bozan bu sorun cinsel ili\u015fki s\u0131ras\u0131nda tatminsizlik, ac\u0131 &#8211; a\u011fr\u0131ya sebebiyet verir. Do\u011fum diki\u015flerinin d\u00fczeltilmesi i\u015fleminde bozuk doku \u00e7\u0131kar\u0131larak vajinal onar\u0131m yap\u0131l\u0131r.<br \/>\nGenital b\u00f6lgedek\u00fc\u00e7\u00fck ve b\u00fcy\u00fck dudaklar\u0131n, normalden daha b\u00fcy\u00fck veya sark\u0131k olmas\u0131 durumunda labioplasti ameliyat\u0131 planlan\u0131r. Baz\u0131 durumlarda sa\u011f ve sol dudak asimetri olabilir yine labioplasti ile bu asimetri ortadan kald\u0131r\u0131l\u0131r. Klitoris de normalden daha b\u00fcy\u00fck ve kabar\u0131k olabiliyor. Bu durum hem estetik g\u00f6r\u00fcnt\u00fcy\u00fc bozuyor hem de kad\u0131nda cinsel doyumun azalmas\u0131na sebep oluyor. Klitoris normal \u00f6l\u00e7\u00fcs\u00fcne kavu\u015fturulur ve varsa deri katlan\u0131\u015flar\u0131 yok edilir. B\u00f6ylece klitorisin cinsel doyum s\u0131ras\u0131ndaki i\u015flevsel rol\u00fc yeniden kazand\u0131r\u0131l\u0131r. Klitorisi \u015fekillendirme genellikle labioplasti ile e\u015f zamanl\u0131 yap\u0131l\u0131r.<br \/>\nPubis, g\u00f6be\u011fin alt\u0131nda b\u00fcy\u00fck dudaklar ile devam eden ve ayakta dururken d\u0131\u015far\u0131dan g\u00f6r\u00fclebilen b\u00f6l\u00fcmd\u00fcr. Gen\u00e7 ya\u015flarda gergin g\u00f6r\u00fclen pubis b\u00f6lgesi zamana ba\u011fl\u0131 olarak \u00e7e\u015fitli sebeplerle ya\u011f oran\u0131 artarak \u00e7\u0131k\u0131nt\u0131 yapabilir, i\u00e7i bo\u015falabilir ve \/veya sarkabilir. Pubis esteti\u011finde pubis a\u015f\u0131r\u0131 belirgin (ki \u015fikayet pantolon giyildi\u011finde ortaya \u00e7\u0131kan g\u00f6r\u00fcnt\u00fcd\u00fcr) ise liposuction uygulamas\u0131 ile sorun \u00e7\u00f6z\u00fcme kolayl\u0131kla kavu\u015fturulur. Pubiste sarkma varsa; fazla deri al\u0131narak asma y\u00f6ntemi kullan\u0131l\u0131r. Ki\u015finin kar\u0131n germe ameliyat\u0131na da ihtiyac\u0131 varsa pubis germe esteti\u011fi ile birlikte yap\u0131labilir. Pubisin ya\u011f oran\u0131 azalm\u0131\u015f \u00e7\u00f6k\u00fck bir g\u00f6r\u00fcm\u00fc varsa bu da ya\u011f transferi ile rahatl\u0131kla \u00e7\u00f6z\u00fcmlenebilir.<\/p>\n","protected":false},"excerpt":{"rendered":"<p>GEN\u0130TAL ESTET\u0130K Kad\u0131n art\u0131k v\u00fccudunu daha iyi tan\u0131yor, toplum tabular\u0131n\u0131 y\u0131karak g\u00fczelli\u011fini bir b\u00fct\u00fcn g\u00f6r\u00fcyor. Yani her a\u00e7\u0131dan bakt\u0131\u011f\u0131nda art\u0131k kad\u0131n kendini g\u00fczel hissetmek istiyor. Genital estetik kad\u0131n\u0131n cinsel b\u00f6lgeyi g\u00fczel bulmamas\u0131 ve buna ba\u011fl\u0131 olarak ya\u015fad\u0131\u011f\u0131 cinsel problemler nedeniyle yap\u0131labilir. \u00c7o\u011fu kad\u0131n cinsel organlar\u0131n\u0131n zaman i\u00e7erisinde \u00e7e\u015fitli sebeplerle deformasyona u\u011framas\u0131ndan, renginden, bi\u00e7iminden ve estetik&#8230;<\/p>\n","protected":false},"author":2,"featured_media":0,"parent":0,"menu_order":0,"comment_status":"closed","ping_status":"closed","template":"","meta":{"footnotes":""},"class_list":["post-325","page","type-page","status-publish","hentry"],"aioseo_notices":[],"_links":{"self":[{"href":"https:\/\/www.drmedinekanturk.com\/en\/wp-json\/wp\/v2\/pages\/325","targetHints":{"allow":["GET"]}}],"collection":[{"href":"https:\/\/www.drmedinekanturk.com\/en\/wp-json\/wp\/v2\/pages"}],"about":[{"href":"https:\/\/www.drmedinekanturk.com\/en\/wp-json\/wp\/v2\/types\/page"}],"author":[{"embeddable":true,"href":"https:\/\/www.drmedinekanturk.com\/en\/wp-json\/wp\/v2\/users\/2"}],"replies":[{"embeddable":true,"href":"https:\/\/www.drmedinekanturk.com\/en\/wp-json\/wp\/v2\/comments?post=325"}],"version-history":[{"count":5,"href":"https:\/\/www.drmedinekanturk.com\/en\/wp-json\/wp\/v2\/pages\/325\/revisions"}],"predecessor-version":[{"id":340,"href":"https:\/\/www.drmedinekanturk.com\/en\/wp-json\/wp\/v2\/pages\/325\/revisions\/340"}],"wp:attachment":[{"href":"https:\/\/www.drmedinekanturk.com\/en\/wp-json\/wp\/v2\/media?parent=325"}],"curies":[{"name":"wp","href":"https:\/\/api.w.org\/{rel}","templated":true}]}}